{"id":36864,"date":"2018-07-24T12:20:52","date_gmt":"2018-07-24T12:20:52","guid":{"rendered":"https:\/\/kripton.be\/clients-satisfaits\/"},"modified":"2018-07-24T12:42:08","modified_gmt":"2018-07-24T12:42:08","slug":"clients-satisfaits","status":"publish","type":"page","link":"https:\/\/kripton.be\/fr\/clients-satisfaits\/","title":{"rendered":"CLIENTS SATISFAITS"},"content":{"rendered":"<p><div class=\"fusion-fullwidth fullwidth-box fusion-builder-row-1 nonhundred-percent-fullwidth non-hundred-percent-height-scrolling\" style=\"background-color: rgba(255,255,255,0);background-position: center center;background-repeat: no-repeat;padding-top:0px;padding-right:0px;padding-bottom:0px;padding-left:0px;margin-bottom: 0px;margin-top: 0px;border-width: 0px 0px 0px 0px;border-color:#eae9e9;border-style:solid;\" ><div class=\"fusion-builder-row fusion-row\"><div class=\"fusion-layout-column fusion_builder_column fusion-builder-column-0 fusion_builder_column_1_3 1_3 fusion-one-third fusion-column-first\" style=\"width:33.333333333333%;width:calc(33.333333333333% - ( ( 4% + 4% ) * 0.33333333333333 ) );margin-right: 4%;margin-top:0px;margin-bottom:20px;\"><div class=\"fusion-column-wrapper fusion-flex-column-wrapper-legacy\" style=\"background-position:left top;background-repeat:no-repeat;-webkit-background-size:cover;-moz-background-size:cover;-o-background-size:cover;background-size:cover;padding: 0px 0px 0px 0px;\"><div class=\"fusion-testimonials classic fusion-testimonials-1\" data-random=\"0\" data-speed=\"4000\"><style type=\"text\/css\">#fusion-testimonials-1 a{border-color:#747474;}#fusion-testimonials-1 a:hover, #fusion-testimonials-1 .activeSlide{background-color: #747474;}.fusion-testimonials.classic.fusion-testimonials-1 .author:after{border-top-color:#f6f6f6 !important;}<\/style><div class=\"reviews\"><div class=\"review active-testimonial male\"><blockquote><q style=\"background-color:#f6f6f6;color:#747474;\" class=\"fusion-clearfix\">\n<p>Merci pour votre travail professionnel et excellent support. Gr\u00e2ce \u00e0 votre professionnalisme, notre \u00e9v\u00e9nement presse a \u00e9t\u00e9 r\u00e9alis\u00e9 avec succ\u00e8s. Merci, cordialement.<\/p>\n<\/q><\/blockquote><div class=\"author\" style=\"color:#747474;\"><span class=\"testimonial-thumbnail doe\" style=\"color:#747474;\"><\/span><span class=\"company-name\"><strong>Youngho Hong<\/strong>, <span>General Manager, SsangYong Motor Europe Office<\/span><\/span><\/div><\/div><\/div><\/div><div class=\"fusion-clearfix\"><\/div><\/div><\/div><div class=\"fusion-layout-column fusion_builder_column fusion-builder-column-1 fusion_builder_column_1_3 1_3 fusion-one-third\" style=\"width:33.333333333333%;width:calc(33.333333333333% - ( ( 4% + 4% ) * 0.33333333333333 ) );margin-right: 4%;margin-top:0px;margin-bottom:20px;\"><div class=\"fusion-column-wrapper fusion-flex-column-wrapper-legacy\" style=\"background-position:left top;background-repeat:no-repeat;-webkit-background-size:cover;-moz-background-size:cover;-o-background-size:cover;background-size:cover;padding: 0px 0px 0px 0px;\"><div class=\"fusion-testimonials classic fusion-testimonials-2\" data-random=\"0\" data-speed=\"4000\"><style type=\"text\/css\">#fusion-testimonials-2 a{border-color:#747474;}#fusion-testimonials-2 a:hover, #fusion-testimonials-2 .activeSlide{background-color: #747474;}.fusion-testimonials.classic.fusion-testimonials-2 .author:after{border-top-color:#f6f6f6 !important;}<\/style><div class=\"reviews\"><div class=\"review active-testimonial male\"><blockquote><q style=\"background-color:#f6f6f6;color:#747474;\" class=\"fusion-clearfix\">\n<p>Depuis de nombreuses ann\u00e9es, nous confions le projet et la construction de notre stand au Salon de l\u2019Auto de Bruxelles \u00e0 Erwin Stiers et \u00e0 son \u00e9quipe Kripton. Nous sommes satisfaits de leur travail et je suis convaincu que cela restera le cas.<\/p>\n<\/q><\/blockquote><div class=\"author\" style=\"color:#747474;\"><span class=\"testimonial-thumbnail doe\" style=\"color:#747474;\"><\/span><span class=\"company-name\"><strong>Thijs Janssen<\/strong>, <span>Managing Director, SsangYong Benelux<\/span><\/span><\/div><\/div><\/div><\/div><div class=\"fusion-clearfix\"><\/div><\/div><\/div><div class=\"fusion-layout-column fusion_builder_column fusion-builder-column-2 fusion_builder_column_1_3 1_3 fusion-one-third fusion-column-last\" style=\"width:33.333333333333%;width:calc(33.333333333333% - ( ( 4% + 4% ) * 0.33333333333333 ) );margin-top:0px;margin-bottom:20px;\"><div class=\"fusion-column-wrapper fusion-flex-column-wrapper-legacy\" style=\"background-position:left top;background-repeat:no-repeat;-webkit-background-size:cover;-moz-background-size:cover;-o-background-size:cover;background-size:cover;padding: 0px 0px 0px 0px;\"><div class=\"fusion-testimonials classic fusion-testimonials-3\" data-random=\"0\" data-speed=\"4000\"><style type=\"text\/css\">#fusion-testimonials-3 a{border-color:#747474;}#fusion-testimonials-3 a:hover, #fusion-testimonials-3 .activeSlide{background-color: #747474;}.fusion-testimonials.classic.fusion-testimonials-3 .author:after{border-top-color:#f6f6f6 !important;}<\/style><div class=\"reviews\"><div class=\"review active-testimonial male\"><blockquote><q style=\"background-color:#f6f6f6;color:#747474;\" class=\"fusion-clearfix\">\n<p>Avant tout, merci pour le magnifique stand que vous avez construit. Nous en avons re\u00e7u de nombreuses \u00e9loges. Nous avons beaucoup appr\u00e9ci\u00e9 votre collaboration et gr\u00e2ce \u00e0 votre bon travail, notre participation au salon international de l\u2019automobile de Gen\u00e8ve a \u00e9t\u00e9 une r\u00e9ussite.<\/p>\n<\/q><\/blockquote><div class=\"author\" style=\"color:#747474;\"><span class=\"testimonial-thumbnail doe\" style=\"color:#747474;\"><\/span><span class=\"company-name\"><strong>Robert Stoepman<\/strong>, <span>Country Manager, SsangYong Schweiz AG<\/span><\/span><\/div><\/div><\/div><\/div><div class=\"fusion-clearfix\"><\/div><\/div><\/div><div class=\"fusion-layout-column fusion_builder_column fusion-builder-column-3 fusion_builder_column_1_1 1_1 fusion-one-full fusion-column-first fusion-column-last\" style=\"margin-top:0px;margin-bottom:20px;\"><div class=\"fusion-column-wrapper fusion-flex-column-wrapper-legacy\" style=\"background-position:left top;background-repeat:no-repeat;-webkit-background-size:cover;-moz-background-size:cover;-o-background-size:cover;background-size:cover;padding: 0px 0px 0px 0px;\"><div class=\"fusion-sep-clear\"><\/div><div class=\"fusion-separator fusion-full-width-sep\" style=\"margin-left: auto;margin-right: auto;margin-top:10px;width:100%;\"><\/div><div class=\"fusion-sep-clear\"><\/div><div class=\"fusion-testimonials classic fusion-testimonials-4\" data-random=\"0\" data-speed=\"4000\"><style type=\"text\/css\">#fusion-testimonials-4 a{border-color:#747474;}#fusion-testimonials-4 a:hover, #fusion-testimonials-4 .activeSlide{background-color: #747474;}.fusion-testimonials.classic.fusion-testimonials-4 .author:after{border-top-color:#f6f6f6 !important;}<\/style><div class=\"reviews\"><div class=\"review active-testimonial male\"><blockquote><q style=\"background-color:#f6f6f6;color:#747474;\" class=\"fusion-clearfix\">\n<p>Erwin est un homme de parole. La construction du stand s\u2019est d\u00e9roul\u00e9e sans stress et de mani\u00e8re professionnelle. L\u2019impact du stand a \u00e9t\u00e9 atteint et le budget respect\u00e9. Sa flexibilit\u00e9 est \u00e9galement exceptionnelle. Lors du dernier Salon de l\u2019Auto, le service Marketing a d\u00e9cid\u00e9 le 10 d\u00e9cembre que le th\u00e8me de la campagne (et, par cons\u00e9quent, du stand du Salon de l\u2019Auto) ne serait pas les mangas japonais mais bien les conditions Saloon, style western. Lorsque nous l\u2019avons communiqu\u00e9 \u00e0 Erwin, il nous a tout simplement r\u00e9pondu : \u201cOK, on s\u2019en charge\u201d, et tout a \u00e9t\u00e9 pr\u00eat \u00e0 temps\u00a0! Pas \u00e9tonnant qu\u2019il ait construit six fois le stand Suzuki, le stand Isuzu et \u00e9galement le stand SsangYong, non seulement \u00e0 Bruxelles mais \u00e9galement \u00e0 Francfort, Gen\u00e8ve et probablement \u00e0 Paris. ..\u2026..<\/p>\n<\/q><\/blockquote><div class=\"author\" style=\"color:#747474;\"><span class=\"testimonial-thumbnail doe\" style=\"color:#747474;\"><\/span><span class=\"company-name\"><strong>Bart Hendrickx<\/strong>, <span>PR Manager, Suzuki<\/span><\/span><\/div><\/div><\/div><\/div><div class=\"fusion-clearfix\"><\/div><\/div><\/div><\/div><\/div><div class=\"fusion-fullwidth fullwidth-box fusion-builder-row-2 nonhundred-percent-fullwidth non-hundred-percent-height-scrolling\" style=\"background-color: rgba(255,255,255,0);background-position: center center;background-repeat: no-repeat;padding-top:50px;padding-right:0px;padding-bottom:0px;padding-left:0px;margin-bottom: 0px;margin-top: 0px;border-width: 0px 0px 0px 0px;border-color:#eae9e9;border-style:solid;\" ><div class=\"fusion-builder-row fusion-row\"><div class=\"fusion-layout-column fusion_builder_column fusion-builder-column-4 fusion_builder_column_1_1 1_1 fusion-one-full fusion-column-first fusion-column-last\" style=\"margin-top:0px;margin-bottom:20px;\"><div class=\"fusion-column-wrapper fusion-flex-column-wrapper-legacy\" style=\"background-position:left top;background-repeat:no-repeat;-webkit-background-size:cover;-moz-background-size:cover;-o-background-size:cover;background-size:cover;padding: 0px 0px 0px 0px;\"><style type='text\/css'>.reading-box-container-1 .element-bottomshadow:before,.reading-box-container-1 .element-bottomshadow:after{opacity:0.7;}<\/style><div class=\"fusion-reading-box-container reading-box-container-1 fusion-animated\" data-animationType=\"bounceInUp\" data-animationDuration=\"0.3\" data-animationOffset=\"top-into-view\" style=\"margin-top:0px;margin-bottom:84px;\"><div class=\"reading-box reading-box-center\" style=\"background-color:#f6f6f6;border-width:0px;border-color:#f6f6f6;border-top-width:3px;border-top-color:var(--primary_color);border-style:solid;\"><h2>VOTRE AVIS EST IMPORTANT POUR NOUS!<\/h2><div class=\"reading-box-description fusion-reading-box-additional\">Pour nous, la priorit\u00e9 num\u00e9ro 1 est la satisfaction client.<\/div><div class=\"reading-box-additional\">\n<p>Nous appr\u00e9cions chaque feedback re\u00e7u et l\u2019utilisons afin de pouvoir nous am\u00e9liorer, prendre de nouvelles initiatives, permettre que nos services soient plus efficaces et\/ou continuer d\u2019am\u00e9liorer encore notre qualit\u00e9. <strong>A cet effet, veuillez nous faire part de vos commentaires au moyen du formulaire sur la page de contact<\/strong>. Merci d\u2019avance pour votre franchise.<\/p>\n<\/div><div class=\"fusion-clearfix\"><\/div><\/div><\/div><div class=\"fusion-clearfix\"><\/div><\/div><\/div><\/div><\/div><\/p>\n","protected":false},"excerpt":{"rendered":"","protected":false},"author":4,"featured_media":0,"parent":0,"menu_order":6,"comment_status":"closed","ping_status":"closed","template":"","meta":{"footnotes":""},"class_list":["post-36864","page","type-page","status-publish","hentry"],"_links":{"self":[{"href":"https:\/\/kripton.be\/fr\/wp-json\/wp\/v2\/pages\/36864","targetHints":{"allow":["GET"]}}],"collection":[{"href":"https:\/\/kripton.be\/fr\/wp-json\/wp\/v2\/pages"}],"about":[{"href":"https:\/\/kripton.be\/fr\/wp-json\/wp\/v2\/types\/page"}],"author":[{"embeddable":true,"href":"https:\/\/kripton.be\/fr\/wp-json\/wp\/v2\/users\/4"}],"replies":[{"embeddable":true,"href":"https:\/\/kripton.be\/fr\/wp-json\/wp\/v2\/comments?post=36864"}],"version-history":[{"count":3,"href":"https:\/\/kripton.be\/fr\/wp-json\/wp\/v2\/pages\/36864\/revisions"}],"predecessor-version":[{"id":36882,"href":"https:\/\/kripton.be\/fr\/wp-json\/wp\/v2\/pages\/36864\/revisions\/36882"}],"wp:attachment":[{"href":"https:\/\/kripton.be\/fr\/wp-json\/wp\/v2\/media?parent=36864"}],"curies":[{"name":"wp","href":"https:\/\/api.w.org\/{rel}","templated":true}]}}