{"id":36862,"date":"2018-07-24T12:18:43","date_gmt":"2018-07-24T12:18:43","guid":{"rendered":"https:\/\/kripton.be\/solutions-marines\/"},"modified":"2018-07-24T12:40:15","modified_gmt":"2018-07-24T12:40:15","slug":"solutions-marines","status":"publish","type":"page","link":"https:\/\/kripton.be\/fr\/solutions-marines\/","title":{"rendered":"SOLUTIONS MARINES"},"content":{"rendered":"<p><div class=\"fusion-fullwidth fullwidth-box fusion-builder-row-1 nonhundred-percent-fullwidth non-hundred-percent-height-scrolling\" style=\"background-color: rgba(255,255,255,0);background-position: center center;background-repeat: no-repeat;padding-top:0px;padding-right:0px;padding-bottom:0px;padding-left:0px;margin-bottom: 0px;margin-top: 0px;border-width: 0px 0px 0px 0px;border-color:#eae9e9;border-style:solid;\" ><div class=\"fusion-builder-row fusion-row\"><div class=\"fusion-layout-column fusion_builder_column fusion-builder-column-0 fusion_builder_column_1_1 1_1 fusion-one-full fusion-column-first fusion-column-last\" style=\"margin-top:0px;margin-bottom:20px;\"><div class=\"fusion-column-wrapper fusion-flex-column-wrapper-legacy\" style=\"background-position:left top;background-repeat:no-repeat;-webkit-background-size:cover;-moz-background-size:cover;-o-background-size:cover;background-size:cover;padding: 0px 0px 0px 0px;\"><div class=\"fusion-text fusion-text-1\"><h2>KRIPTON SOLUTIONS MARINES<\/h2>\n<p>KRIPTON MARINE DIVISION est une de nos divisions sp\u00e9cialis\u00e9es qui se charge de remodeler votre bateau ou navire au moyen de films teint\u00e9s appos\u00e9s sur les \u00e9l\u00e9ments int\u00e9rieurs existants ou \u2028d\u2019y installer des meubles neufs en bois noble r\u00e9sistants \u00e0 l\u2019humidit\u00e9. R\u00e9novation de tables, d\u2019\u00e9clairage etc.. nous remodelons votre bateau \u00e0 votre go\u00fbt.<\/p>\n<p>L\u2019enveloppement des flancs ext\u00e9rieurs de votre bateau ou navire\u00a0se fait dans une couleur unie recouverte de film 3M imperm\u00e9able ou de film imprim\u00e9 con\u00e7u ensemble. Qu\u2019il s\u2019agisse d\u2019un yacht ou d\u2019un bateau de plaisance, vos souhaits seront exauc\u00e9s\u00a0!<\/p>\n<p>Construction de tours de wakeboard. Nous collaborons avec diff\u00e9rents fabricants et proposons, pour chaque mod\u00e8le sp\u00e9cifique et dimension de bateau, la tour qui correspond le mieux \u00e0 votre budget.<\/p>\n<p>Recouvrement et r\u00e9novation des coussins de bateau au moyen de la technologie brevet\u00e9e Sunbtrella et Tempotest.<br \/>\nNous collaborons avec la soci\u00e9t\u00e9 cr\u00e9ative PTSY (Please To Seat You) afin de relooker votre bateau \u00e0 travers le regarnissage de vos coussins int\u00e9rieurs et ext\u00e9rieurs.<\/p>\n<p>MAIS AUSSI, sous le slogan \u201cil n\u2019y a pas que le golf..\u201d, venez naviguer le temps d\u2019une journ\u00e9e le long des jolis canaux flamands et savourer un bon verre de champagne \u2026cela a du bon d\u2019\u00eatre client Kripton .. un signe suffit pour que nous larguions les amarres\u2026rejoignez-nous sans tarder\u00a0!<\/p>\n<p>Si vous pr\u00e9f\u00e9rez toutefois faire du ski nautique ou du wakeboard \u00e0 l\u2019aide du Kripton Blue sur le Lac de l\u2019Eau d\u2019Heure, nous nous ferons un plaisir de vous y inviter (avec ou sans enfants).\u00a0Et encore plus fou\u00a0! Si vous poss\u00e9dez une licence de navigation, venez tout simplement chercher les cl\u00e9s et naviguez vous-m\u00eame le Super 98\u00a0!<\/p>\n<\/div><div class=\"fusion-clearfix\"><\/div><\/div><\/div><\/div><\/div><div class=\"fusion-fullwidth fullwidth-box fusion-builder-row-2 nonhundred-percent-fullwidth non-hundred-percent-height-scrolling\" style=\"background-color: rgba(255,255,255,0);background-position: center center;background-repeat: no-repeat;padding-top:0px;padding-right:0px;padding-bottom:0px;padding-left:0px;margin-bottom: 0px;margin-top: 0px;border-width: 0px 0px 0px 0px;border-color:#eae9e9;border-style:solid;\" ><div class=\"fusion-builder-row fusion-row\"><div class=\"fusion-layout-column fusion_builder_column fusion-builder-column-1 fusion_builder_column_1_1 1_1 fusion-one-full fusion-column-first fusion-column-last\" style=\"margin-top:0px;margin-bottom:20px;\"><div class=\"fusion-column-wrapper fusion-flex-column-wrapper-legacy\" style=\"background-position:left top;background-repeat:no-repeat;-webkit-background-size:cover;-moz-background-size:cover;-o-background-size:cover;background-size:cover;padding: 0px 0px 0px 0px;\"><div class=\"fusion-text fusion-text-2\"><h3 class=\"p1\">KRIPTON Marine Division cr\u00e9atrice de bien-\u00eatre\u2026<\/h3>\n<\/div><div class=\"fusion-clearfix\"><\/div><\/div><\/div><div class=\"fusion-layout-column fusion_builder_column fusion-builder-column-2 fusion_builder_column_1_2 1_2 fusion-one-half fusion-column-first\" style=\"width:50%;width:calc(50% - ( ( 4% ) * 0.5 ) );margin-right: 4%;margin-top:0px;margin-bottom:20px;\"><div class=\"fusion-column-wrapper fusion-flex-column-wrapper-legacy\" style=\"background-position:left top;background-repeat:no-repeat;-webkit-background-size:cover;-moz-background-size:cover;-o-background-size:cover;background-size:cover;padding: 0px 0px 0px 0px;\"><div class=\"fusion-text fusion-text-3\"><p>Vous disposez d\u2019un bateau, d\u2019une barque, d\u2019un navire ou d\u2019un yacht\u00a0? Afin d\u2019en profiter pleinement, votre embarcation doit \u00eatre parfaitement en ordre du point de vue m\u00e9canique, technique mais aussi esth\u00e9tique. Ce qui ne vous plait pas dans le bateau se convertit g\u00e9n\u00e9ralement en un grand obstacle. Laissez-nous donc le soin de le modifier et retrouvez le plaisir de votre embarcation.<\/p>\n<p>Nous r\u00e9fl\u00e9chissons ensemble \u00e0 la mani\u00e8re optimale de proc\u00e9der et choisissons ensuite les couleurs, les imprim\u00e9s, les mat\u00e9riaux, les tissus et autres. Apr\u00e8s un devis d\u00e9taill\u00e9, nous nous mettons au travail afin que vous puissiez profiter encore plus de votre bateau et de vos moments d\u2019\u00e9vasion lors de la saison de navigation suivante.<\/p>\n<p>Des interventions simples pour un monde de diff\u00e9rence. Veuillez consulter les photos \u201cavant\u201d et \u201capr\u00e8s\u201d et larguez les amarres !<\/p>\n<p>Kripton Marine vous souhaite d\u2019ores et d\u00e9j\u00e0 de bons moments de navigation !<\/p>\n<\/div><div class=\"fusion-clearfix\"><\/div><\/div><\/div><div class=\"fusion-layout-column fusion_builder_column fusion-builder-column-3 fusion_builder_column_1_2 1_2 fusion-one-half fusion-column-last\" style=\"width:50%;width:calc(50% - ( ( 4% ) * 0.5 ) );margin-top:0px;margin-bottom:20px;\"><div class=\"fusion-column-wrapper fusion-flex-column-wrapper-legacy\" style=\"background-position:left top;background-repeat:no-repeat;-webkit-background-size:cover;-moz-background-size:cover;-o-background-size:cover;background-size:cover;padding: 0px 0px 0px 0px;\"><div class=\"fusion-image-carousel fusion-image-carousel-auto fusion-image-carousel-1 fusion-carousel-border\"><div class=\"fusion-carousel\" data-autoplay=\"yes\" data-columns=\"1\" data-itemmargin=\"0\" data-itemwidth=\"180\" data-touchscroll=\"no\" data-imagesize=\"auto\"><div class=\"fusion-carousel-positioner\"><ul class=\"fusion-carousel-holder\"><li class=\"fusion-carousel-item\"><div class=\"fusion-carousel-item-wrapper\"><div class=\"fusion-image-wrapper hover-type-none\"><img decoding=\"async\" width=\"1334\" height=\"750\" src=\"https:\/\/kripton.be\/wp-content\/uploads\/2015\/10\/IMG_9053.png\" class=\"attachment-full size-full\" alt=\"\" srcset=\"https:\/\/kripton.be\/wp-content\/uploads\/2015\/10\/IMG_9053-200x112.png 200w, https:\/\/kripton.be\/wp-content\/uploads\/2015\/10\/IMG_9053-300x169.png 300w, https:\/\/kripton.be\/wp-content\/uploads\/2015\/10\/IMG_9053-400x225.png 400w, https:\/\/kripton.be\/wp-content\/uploads\/2015\/10\/IMG_9053-600x337.png 600w, https:\/\/kripton.be\/wp-content\/uploads\/2015\/10\/IMG_9053-768x432.png 768w, https:\/\/kripton.be\/wp-content\/uploads\/2015\/10\/IMG_9053-800x450.png 800w, https:\/\/kripton.be\/wp-content\/uploads\/2015\/10\/IMG_9053-1024x576.png 1024w, https:\/\/kripton.be\/wp-content\/uploads\/2015\/10\/IMG_9053-1200x675.png 1200w, https:\/\/kripton.be\/wp-content\/uploads\/2015\/10\/IMG_9053.png 1334w\" sizes=\"(max-width: 1334px) 100vw, 1334px\" \/><\/div><\/div><\/li><li class=\"fusion-carousel-item\"><div class=\"fusion-carousel-item-wrapper\"><div class=\"fusion-image-wrapper hover-type-none\"><img decoding=\"async\" width=\"720\" height=\"405\" src=\"https:\/\/kripton.be\/wp-content\/uploads\/2015\/10\/ptsy.jpg\" class=\"attachment-full size-full\" alt=\"\" srcset=\"https:\/\/kripton.be\/wp-content\/uploads\/2015\/10\/ptsy-200x113.jpg 200w, https:\/\/kripton.be\/wp-content\/uploads\/2015\/10\/ptsy-300x169.jpg 300w, https:\/\/kripton.be\/wp-content\/uploads\/2015\/10\/ptsy-400x225.jpg 400w, https:\/\/kripton.be\/wp-content\/uploads\/2015\/10\/ptsy-600x338.jpg 600w, https:\/\/kripton.be\/wp-content\/uploads\/2015\/10\/ptsy.jpg 720w\" sizes=\"(max-width: 720px) 100vw, 720px\" \/><\/div><\/div><\/li><li class=\"fusion-carousel-item\"><div class=\"fusion-carousel-item-wrapper\"><div class=\"fusion-image-wrapper hover-type-none\"><img decoding=\"async\" width=\"640\" height=\"480\" src=\"https:\/\/kripton.be\/wp-content\/uploads\/2015\/10\/IMG_7841.jpg\" class=\"attachment-full size-full\" alt=\"\" srcset=\"https:\/\/kripton.be\/wp-content\/uploads\/2015\/10\/IMG_7841-200x150.jpg 200w, https:\/\/kripton.be\/wp-content\/uploads\/2015\/10\/IMG_7841-300x225.jpg 300w, https:\/\/kripton.be\/wp-content\/uploads\/2015\/10\/IMG_7841-400x300.jpg 400w, https:\/\/kripton.be\/wp-content\/uploads\/2015\/10\/IMG_7841-600x450.jpg 600w, https:\/\/kripton.be\/wp-content\/uploads\/2015\/10\/IMG_7841.jpg 640w\" sizes=\"(max-width: 640px) 100vw, 640px\" \/><\/div><\/div><\/li><li class=\"fusion-carousel-item\"><div class=\"fusion-carousel-item-wrapper\"><div class=\"fusion-image-wrapper hover-type-none\"><img decoding=\"async\" width=\"1600\" height=\"1200\" src=\"https:\/\/kripton.be\/wp-content\/uploads\/2015\/10\/IMG_9032.jpg\" class=\"attachment-full size-full\" alt=\"\" srcset=\"https:\/\/kripton.be\/wp-content\/uploads\/2015\/10\/IMG_9032-200x150.jpg 200w, https:\/\/kripton.be\/wp-content\/uploads\/2015\/10\/IMG_9032-300x225.jpg 300w, https:\/\/kripton.be\/wp-content\/uploads\/2015\/10\/IMG_9032-400x300.jpg 400w, https:\/\/kripton.be\/wp-content\/uploads\/2015\/10\/IMG_9032-600x450.jpg 600w, https:\/\/kripton.be\/wp-content\/uploads\/2015\/10\/IMG_9032-768x576.jpg 768w, https:\/\/kripton.be\/wp-content\/uploads\/2015\/10\/IMG_9032-800x600.jpg 800w, https:\/\/kripton.be\/wp-content\/uploads\/2015\/10\/IMG_9032-1024x768.jpg 1024w, https:\/\/kripton.be\/wp-content\/uploads\/2015\/10\/IMG_9032-1200x900.jpg 1200w, https:\/\/kripton.be\/wp-content\/uploads\/2015\/10\/IMG_9032.jpg 1600w\" sizes=\"(max-width: 1600px) 100vw, 1600px\" \/><\/div><\/div><\/li><li class=\"fusion-carousel-item\"><div class=\"fusion-carousel-item-wrapper\"><div class=\"fusion-image-wrapper hover-type-none\"><img decoding=\"async\" width=\"1600\" height=\"1200\" src=\"https:\/\/kripton.be\/wp-content\/uploads\/2015\/10\/IMG_9045-1.jpg\" class=\"attachment-full size-full\" alt=\"\" srcset=\"https:\/\/kripton.be\/wp-content\/uploads\/2015\/10\/IMG_9045-1-200x150.jpg 200w, https:\/\/kripton.be\/wp-content\/uploads\/2015\/10\/IMG_9045-1-300x225.jpg 300w, https:\/\/kripton.be\/wp-content\/uploads\/2015\/10\/IMG_9045-1-400x300.jpg 400w, https:\/\/kripton.be\/wp-content\/uploads\/2015\/10\/IMG_9045-1-600x450.jpg 600w, https:\/\/kripton.be\/wp-content\/uploads\/2015\/10\/IMG_9045-1-768x576.jpg 768w, https:\/\/kripton.be\/wp-content\/uploads\/2015\/10\/IMG_9045-1-800x600.jpg 800w, https:\/\/kripton.be\/wp-content\/uploads\/2015\/10\/IMG_9045-1-1024x768.jpg 1024w, https:\/\/kripton.be\/wp-content\/uploads\/2015\/10\/IMG_9045-1-1200x900.jpg 1200w, https:\/\/kripton.be\/wp-content\/uploads\/2015\/10\/IMG_9045-1.jpg 1600w\" sizes=\"(max-width: 1600px) 100vw, 1600px\" \/><\/div><\/div><\/li><li class=\"fusion-carousel-item\"><div class=\"fusion-carousel-item-wrapper\"><div class=\"fusion-image-wrapper hover-type-none\"><img decoding=\"async\" width=\"900\" height=\"675\" src=\"https:\/\/kripton.be\/wp-content\/uploads\/2015\/10\/IMG_9069-1.jpg\" class=\"attachment-full size-full\" alt=\"\" srcset=\"https:\/\/kripton.be\/wp-content\/uploads\/2015\/10\/IMG_9069-1-200x150.jpg 200w, https:\/\/kripton.be\/wp-content\/uploads\/2015\/10\/IMG_9069-1-300x225.jpg 300w, https:\/\/kripton.be\/wp-content\/uploads\/2015\/10\/IMG_9069-1-400x300.jpg 400w, https:\/\/kripton.be\/wp-content\/uploads\/2015\/10\/IMG_9069-1-600x450.jpg 600w, https:\/\/kripton.be\/wp-content\/uploads\/2015\/10\/IMG_9069-1-768x576.jpg 768w, https:\/\/kripton.be\/wp-content\/uploads\/2015\/10\/IMG_9069-1-800x600.jpg 800w, https:\/\/kripton.be\/wp-content\/uploads\/2015\/10\/IMG_9069-1.jpg 900w\" sizes=\"(max-width: 900px) 100vw, 900px\" \/><\/div><\/div><\/li><li class=\"fusion-carousel-item\"><div class=\"fusion-carousel-item-wrapper\"><div class=\"fusion-image-wrapper hover-type-none\"><img decoding=\"async\" width=\"1600\" height=\"1200\" src=\"https:\/\/kripton.be\/wp-content\/uploads\/2015\/10\/IMG_9032-1.jpg\" class=\"attachment-full size-full\" alt=\"\" srcset=\"https:\/\/kripton.be\/wp-content\/uploads\/2015\/10\/IMG_9032-1-200x150.jpg 200w, https:\/\/kripton.be\/wp-content\/uploads\/2015\/10\/IMG_9032-1-300x225.jpg 300w, https:\/\/kripton.be\/wp-content\/uploads\/2015\/10\/IMG_9032-1-400x300.jpg 400w, https:\/\/kripton.be\/wp-content\/uploads\/2015\/10\/IMG_9032-1-600x450.jpg 600w, https:\/\/kripton.be\/wp-content\/uploads\/2015\/10\/IMG_9032-1-768x576.jpg 768w, https:\/\/kripton.be\/wp-content\/uploads\/2015\/10\/IMG_9032-1-800x600.jpg 800w, https:\/\/kripton.be\/wp-content\/uploads\/2015\/10\/IMG_9032-1-1024x768.jpg 1024w, https:\/\/kripton.be\/wp-content\/uploads\/2015\/10\/IMG_9032-1-1200x900.jpg 1200w, https:\/\/kripton.be\/wp-content\/uploads\/2015\/10\/IMG_9032-1.jpg 1600w\" sizes=\"(max-width: 1600px) 100vw, 1600px\" \/><\/div><\/div><\/li><li class=\"fusion-carousel-item\"><div class=\"fusion-carousel-item-wrapper\"><div class=\"fusion-image-wrapper hover-type-none\"><img decoding=\"async\" width=\"960\" height=\"540\" src=\"https:\/\/kripton.be\/wp-content\/uploads\/2015\/10\/22281687_1584787041542276_7650784664057928013_n-2.jpg\" class=\"attachment-full size-full\" alt=\"\" srcset=\"https:\/\/kripton.be\/wp-content\/uploads\/2015\/10\/22281687_1584787041542276_7650784664057928013_n-2-200x113.jpg 200w, https:\/\/kripton.be\/wp-content\/uploads\/2015\/10\/22281687_1584787041542276_7650784664057928013_n-2-300x169.jpg 300w, https:\/\/kripton.be\/wp-content\/uploads\/2015\/10\/22281687_1584787041542276_7650784664057928013_n-2-400x225.jpg 400w, https:\/\/kripton.be\/wp-content\/uploads\/2015\/10\/22281687_1584787041542276_7650784664057928013_n-2-600x338.jpg 600w, https:\/\/kripton.be\/wp-content\/uploads\/2015\/10\/22281687_1584787041542276_7650784664057928013_n-2-768x432.jpg 768w, https:\/\/kripton.be\/wp-content\/uploads\/2015\/10\/22281687_1584787041542276_7650784664057928013_n-2-800x450.jpg 800w, https:\/\/kripton.be\/wp-content\/uploads\/2015\/10\/22281687_1584787041542276_7650784664057928013_n-2.jpg 960w\" sizes=\"(max-width: 960px) 100vw, 960px\" \/><\/div><\/div><\/li><li class=\"fusion-carousel-item\"><div class=\"fusion-carousel-item-wrapper\"><div class=\"fusion-image-wrapper hover-type-none\"><img decoding=\"async\" width=\"640\" height=\"480\" src=\"https:\/\/kripton.be\/wp-content\/uploads\/2015\/10\/IMG_7841-2.jpg\" class=\"attachment-full size-full\" alt=\"\" srcset=\"https:\/\/kripton.be\/wp-content\/uploads\/2015\/10\/IMG_7841-2-200x150.jpg 200w, https:\/\/kripton.be\/wp-content\/uploads\/2015\/10\/IMG_7841-2-300x225.jpg 300w, https:\/\/kripton.be\/wp-content\/uploads\/2015\/10\/IMG_7841-2-400x300.jpg 400w, https:\/\/kripton.be\/wp-content\/uploads\/2015\/10\/IMG_7841-2-600x450.jpg 600w, https:\/\/kripton.be\/wp-content\/uploads\/2015\/10\/IMG_7841-2.jpg 640w\" sizes=\"(max-width: 640px) 100vw, 640px\" \/><\/div><\/div><\/li><li class=\"fusion-carousel-item\"><div class=\"fusion-carousel-item-wrapper\"><div class=\"fusion-image-wrapper hover-type-none\"><img decoding=\"async\" width=\"3264\" height=\"2448\" src=\"https:\/\/kripton.be\/wp-content\/uploads\/2015\/10\/IMG_9014-2.jpg\" class=\"attachment-full size-full\" alt=\"\" srcset=\"https:\/\/kripton.be\/wp-content\/uploads\/2015\/10\/IMG_9014-2-200x150.jpg 200w, https:\/\/kripton.be\/wp-content\/uploads\/2015\/10\/IMG_9014-2-300x225.jpg 300w, https:\/\/kripton.be\/wp-content\/uploads\/2015\/10\/IMG_9014-2-400x300.jpg 400w, https:\/\/kripton.be\/wp-content\/uploads\/2015\/10\/IMG_9014-2-600x450.jpg 600w, https:\/\/kripton.be\/wp-content\/uploads\/2015\/10\/IMG_9014-2-768x576.jpg 768w, https:\/\/kripton.be\/wp-content\/uploads\/2015\/10\/IMG_9014-2-800x600.jpg 800w, https:\/\/kripton.be\/wp-content\/uploads\/2015\/10\/IMG_9014-2-1024x768.jpg 1024w, https:\/\/kripton.be\/wp-content\/uploads\/2015\/10\/IMG_9014-2-1200x900.jpg 1200w, https:\/\/kripton.be\/wp-content\/uploads\/2015\/10\/IMG_9014-2.jpg 3264w\" sizes=\"(max-width: 3264px) 100vw, 3264px\" \/><\/div><\/div><\/li><li class=\"fusion-carousel-item\"><div class=\"fusion-carousel-item-wrapper\"><div class=\"fusion-image-wrapper hover-type-none\"><img decoding=\"async\" width=\"1334\" height=\"750\" src=\"https:\/\/kripton.be\/wp-content\/uploads\/2015\/10\/IMG_9053-2.png\" class=\"attachment-full size-full\" alt=\"\" srcset=\"https:\/\/kripton.be\/wp-content\/uploads\/2015\/10\/IMG_9053-2-200x112.png 200w, https:\/\/kripton.be\/wp-content\/uploads\/2015\/10\/IMG_9053-2-300x169.png 300w, https:\/\/kripton.be\/wp-content\/uploads\/2015\/10\/IMG_9053-2-400x225.png 400w, https:\/\/kripton.be\/wp-content\/uploads\/2015\/10\/IMG_9053-2-600x337.png 600w, https:\/\/kripton.be\/wp-content\/uploads\/2015\/10\/IMG_9053-2-768x432.png 768w, https:\/\/kripton.be\/wp-content\/uploads\/2015\/10\/IMG_9053-2-800x450.png 800w, https:\/\/kripton.be\/wp-content\/uploads\/2015\/10\/IMG_9053-2-1024x576.png 1024w, https:\/\/kripton.be\/wp-content\/uploads\/2015\/10\/IMG_9053-2-1200x675.png 1200w, https:\/\/kripton.be\/wp-content\/uploads\/2015\/10\/IMG_9053-2.png 1334w\" sizes=\"(max-width: 1334px) 100vw, 1334px\" \/><\/div><\/div><\/li><li class=\"fusion-carousel-item\"><div class=\"fusion-carousel-item-wrapper\"><div class=\"fusion-image-wrapper hover-type-none\"><img decoding=\"async\" width=\"1600\" height=\"1200\" src=\"https:\/\/kripton.be\/wp-content\/uploads\/2015\/10\/IMG_9045-2.jpg\" class=\"attachment-full size-full\" alt=\"\" srcset=\"https:\/\/kripton.be\/wp-content\/uploads\/2015\/10\/IMG_9045-2-200x150.jpg 200w, https:\/\/kripton.be\/wp-content\/uploads\/2015\/10\/IMG_9045-2-300x225.jpg 300w, https:\/\/kripton.be\/wp-content\/uploads\/2015\/10\/IMG_9045-2-400x300.jpg 400w, https:\/\/kripton.be\/wp-content\/uploads\/2015\/10\/IMG_9045-2-600x450.jpg 600w, https:\/\/kripton.be\/wp-content\/uploads\/2015\/10\/IMG_9045-2-768x576.jpg 768w, https:\/\/kripton.be\/wp-content\/uploads\/2015\/10\/IMG_9045-2-800x600.jpg 800w, https:\/\/kripton.be\/wp-content\/uploads\/2015\/10\/IMG_9045-2-1024x768.jpg 1024w, https:\/\/kripton.be\/wp-content\/uploads\/2015\/10\/IMG_9045-2-1200x900.jpg 1200w, https:\/\/kripton.be\/wp-content\/uploads\/2015\/10\/IMG_9045-2.jpg 1600w\" sizes=\"(max-width: 1600px) 100vw, 1600px\" \/><\/div><\/div><\/li><\/ul><div class=\"fusion-carousel-nav\"><button class=\"fusion-nav-prev awb-icon-left\" aria-label=\"Previous\"><\/button><button class=\"fusion-nav-next awb-icon-right\" aria-label=\"Next\"><\/button><\/div><\/div><\/div><\/div><div class=\"fusion-clearfix\"><\/div><\/div><\/div><\/div><\/div><\/p>\n","protected":false},"excerpt":{"rendered":"","protected":false},"author":4,"featured_media":0,"parent":0,"menu_order":5,"comment_status":"closed","ping_status":"closed","template":"","meta":{"footnotes":""},"class_list":["post-36862","page","type-page","status-publish","hentry"],"_links":{"self":[{"href":"https:\/\/kripton.be\/fr\/wp-json\/wp\/v2\/pages\/36862","targetHints":{"allow":["GET"]}}],"collection":[{"href":"https:\/\/kripton.be\/fr\/wp-json\/wp\/v2\/pages"}],"about":[{"href":"https:\/\/kripton.be\/fr\/wp-json\/wp\/v2\/types\/page"}],"author":[{"embeddable":true,"href":"https:\/\/kripton.be\/fr\/wp-json\/wp\/v2\/users\/4"}],"replies":[{"embeddable":true,"href":"https:\/\/kripton.be\/fr\/wp-json\/wp\/v2\/comments?post=36862"}],"version-history":[{"count":3,"href":"https:\/\/kripton.be\/fr\/wp-json\/wp\/v2\/pages\/36862\/revisions"}],"predecessor-version":[{"id":36880,"href":"https:\/\/kripton.be\/fr\/wp-json\/wp\/v2\/pages\/36862\/revisions\/36880"}],"wp:attachment":[{"href":"https:\/\/kripton.be\/fr\/wp-json\/wp\/v2\/media?parent=36862"}],"curies":[{"name":"wp","href":"https:\/\/api.w.org\/{rel}","templated":true}]}}